{"id":4,"date":"2017-01-16T11:08:33","date_gmt":"2017-01-16T11:08:33","guid":{"rendered":"http:\/\/joelbarker.co.uk\/?page_id=4"},"modified":"2024-09-01T14:13:51","modified_gmt":"2024-09-01T14:13:51","slug":"willkommen","status":"publish","type":"page","link":"https:\/\/muskeltherapie.com\/en\/","title":{"rendered":"Home"},"content":{"rendered":"<p><\/p>\n\n\n\n<h1 class=\"wp-block-heading has-text-align-center\"><strong>Willkommen<\/strong>!<\/h1>\n\n\n\n<hr class=\"wp-block-separator has-alpha-channel-opacity\"\/>\n\n\n\n<div style=\"height:85px\" aria-hidden=\"true\" class=\"wp-block-spacer\"><\/div>\n\n\n\n<p><\/p>\n\n\n\n<p><\/p>\n\n\n\n<p><\/p>\n\n\n\n<div class=\"wp-block-columns alignwide is-layout-flex wp-container-core-columns-is-layout-9d6595d7 wp-block-columns-is-layout-flex\">\n<div class=\"wp-block-column is-layout-flow wp-block-column-is-layout-flow\">\n<h1 class=\"wp-block-heading has-text-align-center\">funktionelle muskeltherapie nach tamura<\/h1>\n\n\n\n<p><\/p>\n\n\n\n<p class=\"has-text-align-center\">Mit fmt lassen sich die Ursachen f\u00fcr Schmerzen und andere Probleme im myofaszialen System aufsp\u00fcren und gezielt behandeln.<\/p>\n\n\n\n<p class=\"has-text-align-center\"><a href=\"https:\/\/muskeltherapie.com\/die-therapie\">Mehr \u00fcber die Therapie erfahren Sie hier.<\/a><\/p>\n\n\n\n<h5 class=\"wp-block-heading has-text-align-center\">Jetzt erh\u00e4ltlich:<\/h5>\n\n\n\n<p class=\"has-text-align-center\"><a href=\"https:\/\/buecher.pflaum.de\/buecher\/physiotherapie\/spurensuche-im-myofaszialen-system\/\">Hier erh\u00e4ltlich!<\/a><\/p>\n\n\n<div class=\"wp-block-image\">\n<figure class=\"aligncenter size-large is-resized\"><img loading=\"lazy\" decoding=\"async\" src=\"https:\/\/muskeltherapie.com\/www.muskeltherapie\/wp-content\/uploads\/2018\/09\/2018_07_PT-Buchcover_TAMURA_RZ_DRUCK_V8_Rucken_15_FRONT-725x1024.jpg\" alt=\"\" class=\"wp-image-602\" width=\"412\" height=\"582\" srcset=\"https:\/\/muskeltherapie.com\/www.muskeltherapie\/wp-content\/uploads\/2018\/09\/2018_07_PT-Buchcover_TAMURA_RZ_DRUCK_V8_Rucken_15_FRONT-725x1024.jpg 725w, https:\/\/muskeltherapie.com\/www.muskeltherapie\/wp-content\/uploads\/2018\/09\/2018_07_PT-Buchcover_TAMURA_RZ_DRUCK_V8_Rucken_15_FRONT-212x300.jpg 212w, https:\/\/muskeltherapie.com\/www.muskeltherapie\/wp-content\/uploads\/2018\/09\/2018_07_PT-Buchcover_TAMURA_RZ_DRUCK_V8_Rucken_15_FRONT-768x1084.jpg 768w, https:\/\/muskeltherapie.com\/www.muskeltherapie\/wp-content\/uploads\/2018\/09\/2018_07_PT-Buchcover_TAMURA_RZ_DRUCK_V8_Rucken_15_FRONT.jpg 2008w\" sizes=\"auto, (max-width: 412px) 100vw, 412px\" \/><\/figure>\n<\/div><\/div>\n\n\n\n<div class=\"wp-block-column is-layout-flow wp-block-column-is-layout-flow\">\n<h1 class=\"wp-block-heading has-text-align-center\">Internal Family Systems Therapie<\/h1>\n\n\n\n<p><\/p>\n\n\n\n<p class=\"has-text-align-center\">Ganzheitliche Psychotherapie mit der inneren Familie.<\/p>\n\n\n\n<p class=\"has-text-align-center\"><a href=\"https:\/\/muskeltherapie.com\/ifs\">Hier mehr erfahren!<\/a><\/p>\n\n\n\n<h5 class=\"wp-block-heading has-text-align-center\">Bettina Tamura im IFS Europe Podcast:<\/h5>\n\n\n\n<p class=\"has-text-align-center\">Interview \u00fcber die Parallelen von fmt und IFS.<\/p>\n\n\n\n<p class=\"has-text-align-center\"><a href=\"https:\/\/podcasters.spotify.com\/pod\/show\/ifs-europe-ev\/episodes\/Bettina-Tamura-zum-Thema-Schmerztherapie--IFS-e2ejuhc?%24web_only=true&amp;_branch_match_id=1276795596999299221&amp;utm_source=web&amp;utm_campaign=web-share&amp;utm_medium=sharing&amp;_branch_referrer=H4sIAAAAAAAAA8soKSkottLXLy7IL8lMq0zMS87IL9ItT03SSywo0MvJzMvWT9UvK7LIjMj0ryp2TwIAIjySLjAAAAA%3D\" target=\"_blank\" rel=\"noreferrer noopener\">H\u00f6ren Sie den Podcast HIER auf Spotify.<\/a><\/p>\n\n\n<div class=\"wp-block-image\">\n<figure class=\"aligncenter size-full\"><img loading=\"lazy\" decoding=\"async\" width=\"400\" height=\"400\" src=\"https:\/\/muskeltherapie.com\/www.muskeltherapie\/wp-content\/uploads\/2024\/09\/22521187-1654082846940-c705319c038bd.jpg\" alt=\"\" class=\"wp-image-1201\" srcset=\"https:\/\/muskeltherapie.com\/www.muskeltherapie\/wp-content\/uploads\/2024\/09\/22521187-1654082846940-c705319c038bd.jpg 400w, https:\/\/muskeltherapie.com\/www.muskeltherapie\/wp-content\/uploads\/2024\/09\/22521187-1654082846940-c705319c038bd-300x300.jpg 300w, https:\/\/muskeltherapie.com\/www.muskeltherapie\/wp-content\/uploads\/2024\/09\/22521187-1654082846940-c705319c038bd-150x150.jpg 150w\" sizes=\"auto, (max-width: 400px) 100vw, 400px\" \/><\/figure>\n<\/div><\/div>\n<\/div>\n\n\n\n<p><\/p>\n\n\n\n<h1 class=\"wp-block-heading\"><\/h1>\n\n\n\n<div class=\"wp-block-columns is-layout-flex wp-container-core-columns-is-layout-9d6595d7 wp-block-columns-is-layout-flex\"><\/div>\n\n\n\n<div class=\"wp-block-columns is-layout-flex wp-container-core-columns-is-layout-9d6595d7 wp-block-columns-is-layout-flex\"><\/div>\n\n\n\n<div class=\"wp-block-columns is-layout-flex wp-container-core-columns-is-layout-9d6595d7 wp-block-columns-is-layout-flex\"><\/div>","protected":false},"excerpt":{"rendered":"<p>Willkommen! funktionelle muskeltherapie nach tamura Mit fmt lassen sich die Ursachen f\u00fcr Schmerzen und andere Probleme im myofaszialen System aufsp\u00fcren und gezielt behandeln. Mehr \u00fcber die Therapie erfahren Sie hier. Jetzt erh\u00e4ltlich: Hier erh\u00e4ltlich! Internal Family Systems Therapie Ganzheitliche Psychotherapie mit der inneren Familie. Hier mehr erfahren! Bettina Tamura im IFS Europe Podcast: Interview \u00fcber [&hellip;]<\/p>\n","protected":false},"author":1,"featured_media":0,"parent":0,"menu_order":0,"comment_status":"closed","ping_status":"closed","template":"","meta":{"sfsi_plus_gutenberg_text_before_share":"","sfsi_plus_gutenberg_show_text_before_share":"","sfsi_plus_gutenberg_icon_type":"","sfsi_plus_gutenberg_icon_alignemt":"","sfsi_plus_gutenburg_max_per_row":"","_lightning_design_setting":{"layout":"default"},"footnotes":""},"class_list":["post-4","page","type-page","status-publish","hentry"],"_links":{"self":[{"href":"https:\/\/muskeltherapie.com\/en\/wp-json\/wp\/v2\/pages\/4","targetHints":{"allow":["GET"]}}],"collection":[{"href":"https:\/\/muskeltherapie.com\/en\/wp-json\/wp\/v2\/pages"}],"about":[{"href":"https:\/\/muskeltherapie.com\/en\/wp-json\/wp\/v2\/types\/page"}],"author":[{"embeddable":true,"href":"https:\/\/muskeltherapie.com\/en\/wp-json\/wp\/v2\/users\/1"}],"replies":[{"embeddable":true,"href":"https:\/\/muskeltherapie.com\/en\/wp-json\/wp\/v2\/comments?post=4"}],"version-history":[{"count":25,"href":"https:\/\/muskeltherapie.com\/en\/wp-json\/wp\/v2\/pages\/4\/revisions"}],"predecessor-version":[{"id":1202,"href":"https:\/\/muskeltherapie.com\/en\/wp-json\/wp\/v2\/pages\/4\/revisions\/1202"}],"wp:attachment":[{"href":"https:\/\/muskeltherapie.com\/en\/wp-json\/wp\/v2\/media?parent=4"}],"curies":[{"name":"wp","href":"https:\/\/api.w.org\/{rel}","templated":true}]}}